{"id":131,"date":"2024-03-27T19:41:20","date_gmt":"2024-03-27T19:41:20","guid":{"rendered":"https:\/\/compustrom.com\/ws\/?page_id=131"},"modified":"2024-03-27T20:48:18","modified_gmt":"2024-03-27T20:48:18","slug":"politica-de-privacidad-para-aplicaciones","status":"publish","type":"page","link":"https:\/\/compustrom.com\/ws\/politica-de-privacidad-para-aplicaciones\/","title":{"rendered":"Pol\u00edtica de privacidad para aplicaciones"},"content":{"rendered":"\n<p class=\"has-text-align-center\">La presente pol\u00edtica de privacidad establece el uso de la aplicaci\u00f3n m\u00f3vil&nbsp;<em>CRJyPPF&nbsp;<\/em>destinada a beneficiarias y beneficiarios de la Caja de Retiro, Jubilaciones y Pensiones de la Polic\u00eda Federal,&nbsp;dise\u00f1ada y desarrollada por Compustrom.<\/p>\n\n\n\n<h6 class=\"has-text-align-center\">\u00bfQue informaci\u00f3n recopila la aplicaci\u00f3n y c\u00f3mo es utilizada?<\/h6>\n\n\n\n<p class=\"has-text-align-center\"><em>Informaci\u00f3n provista por el usuario<\/em><\/p>\n\n\n\n<p class=\"has-text-align-center\">La aplicaci\u00f3n requiere para su ingreso las credenciales provistas por&nbsp;la Caja de Retiro Jubilaciones y Pensiones de la Polic\u00eda Federal que se utilizan en el sistema web MiCaja.<\/p>\n\n\n\n<p class=\"has-text-align-center\">Dado que el principal objetivo de la aplicaci\u00f3n es brindar la posibilidad al beneficiario\/a de realizar la prueba de vida de manera remota, se requiere capturar peri\u00f3dicamente fotograf\u00edas de su rostro. Dichas im\u00e1genes, junto con la informaci\u00f3n del n\u00famero DNI y g\u00e9nero declarado en el mismo de la persona logeada en la aplicaci\u00f3n, son utilizadas para validar su identidad con servicios provistos por el Registro Nacional de las Personas (RENAPER) del Ministerio del Interior de la Rep\u00fablica Argentina.<\/p>\n\n\n\n<p><span class=\"has-inline-color has-white-color\">.<\/span><\/p>\n\n\n\n<p class=\"has-text-align-center\"><em>Informaci\u00f3n obtenida autom\u00e1ticamente<\/em><\/p>\n\n\n\n<p class=\"has-text-align-center\">Adicionalmente, la aplicaci\u00f3n puede recopilar de forma autom\u00e1tica otro tipo de informaci\u00f3n, como ser tipo de dispositivo m\u00f3vil, el sistema operativo y token del dispositivo m\u00f3vil e informaci\u00f3n de c\u00f3mo se utiliza la aplicaci\u00f3n.<\/p>\n\n\n\n<h6 class=\"has-text-align-center\">\u00bfPueden terceros tener acceso a la informaci\u00f3n obtenida por la aplicaci\u00f3n?<\/h6>\n\n\n\n<p class=\"has-text-align-center\">Si, la informaci\u00f3n proporcionada por el usuario o la obtenida autom\u00e1ticamente puede compartirse en los siguientes casos:<\/p>\n\n\n\n<p><p style=\"margin-left: 30px;\">1.   Cuando se requiera por ley<\/p><\/p>\n\n\n\n<p><p style=\"margin-left: 30px;\">2.   Cuando creamos que es necesario para proteger nuestros derechos, proteger su seguridad o la seguridad de otros, investigar fraude o en respuesta a una solicitud del gobierno\u200b<\/p><\/p>\n\n\n\n<p class=\"has-text-align-left\">\u00bfLa aplicaci\u00f3n obtiene informaci\u00f3n precisa y en tiempo real del dispositivo?<\/p>\n\n\n\n<p class=\"has-text-align-center\">La aplicaci\u00f3n no recopila informaci\u00f3n precisa y en tiempo real de la ubicaci\u00f3n del dispositivo en ning\u00fan momento. El uso de la c\u00e1mara frontal del dispositivo es utilizado \u00fanica y exclusivamente para realizar la prueba de vida.<\/p>\n\n\n\n<h6 class=\"has-text-align-center\">Pol\u00edtica de retenci\u00f3n y manejo de la informaci\u00f3n<\/h6>\n\n\n\n<p class=\"has-text-align-center\">Los datos provistos por el usuario as\u00ed como los recopilados autom\u00e1ticamente son conservados de forma indefinida, ya que se requieren para realizar auditor\u00edas por parte del personal autorizado para tal fin de la Caja de Retiro Jubilaciones y Pensiones de la Polic\u00eda Federal.<\/p>\n\n\n\n<h6 class=\"has-text-align-center\">Seguridad<\/h6>\n\n\n\n<p class=\"has-text-align-center\">Contamos con medidas de seguridad para salvaguardar la confidencialidad de la informaci\u00f3n recopilada. El acceso a dicha informaci\u00f3n esta restringido a personal autorizado de la Caja de Retiro Jubilaciones y Pensiones de la Polic\u00eda Federal y contratistas autorizados que requieren acceso para operar, desarrollar o mejorar la aplicaci\u00f3n.<\/p>\n\n\n\n<h6 class=\"has-text-align-center\">Modificaciones<\/h6>\n\n\n\n<p class=\"has-text-align-center\">Esta pol\u00edtica de privacidad puede ser actualizada por cualquier raz\u00f3n. Le notificaremos de cualquier cambio realizado mediante la publicaci\u00f3n de la nueva pol\u00edtica de privacidad en esta p\u00e1gina.<\/p>\n\n\n\n<h6 class=\"has-text-align-center\">Consentimiento<\/h6>\n\n\n\n<p class=\"has-text-align-center\">Al utilizar la aplicaci\u00f3n usted acepta los t\u00e9rminos y condiciones de la presente pol\u00edtica de privacidad.<\/p>\n","protected":false},"excerpt":{"rendered":"<p>La presente pol\u00edtica de privacidad establece el uso de la aplicaci\u00f3n m\u00f3vil&nbsp;CRJyPPF&nbsp;destinada a beneficiarias y beneficiarios de la Caja de Retiro, Jubilaciones y Pensiones de la Polic\u00eda Federal,&nbsp;dise\u00f1ada y desarrollada por Compustrom. \u00bfQue informaci\u00f3n recopila la aplicaci\u00f3n y c\u00f3mo es utilizada? Informaci\u00f3n provista por el usuario La aplicaci\u00f3n requiere para su ingreso las credenciales provistas &hellip; <\/p>\n<p class=\"link-more\"><a href=\"https:\/\/compustrom.com\/ws\/politica-de-privacidad-para-aplicaciones\/\" class=\"more-link\">Continuar leyendo<span class=\"screen-reader-text\"> \u00abPol\u00edtica de privacidad para aplicaciones\u00bb<\/span><\/a><\/p>\n","protected":false},"author":2,"featured_media":0,"parent":0,"menu_order":0,"comment_status":"closed","ping_status":"closed","template":"","meta":[],"_links":{"self":[{"href":"https:\/\/compustrom.com\/ws\/wp-json\/wp\/v2\/pages\/131"}],"collection":[{"href":"https:\/\/compustrom.com\/ws\/wp-json\/wp\/v2\/pages"}],"about":[{"href":"https:\/\/compustrom.com\/ws\/wp-json\/wp\/v2\/types\/page"}],"author":[{"embeddable":true,"href":"https:\/\/compustrom.com\/ws\/wp-json\/wp\/v2\/users\/2"}],"replies":[{"embeddable":true,"href":"https:\/\/compustrom.com\/ws\/wp-json\/wp\/v2\/comments?post=131"}],"version-history":[{"count":8,"href":"https:\/\/compustrom.com\/ws\/wp-json\/wp\/v2\/pages\/131\/revisions"}],"predecessor-version":[{"id":142,"href":"https:\/\/compustrom.com\/ws\/wp-json\/wp\/v2\/pages\/131\/revisions\/142"}],"wp:attachment":[{"href":"https:\/\/compustrom.com\/ws\/wp-json\/wp\/v2\/media?parent=131"}],"curies":[{"name":"wp","href":"https:\/\/api.w.org\/{rel}","templated":true}]}}