{"id":43,"date":"2022-11-16T18:27:57","date_gmt":"2022-11-16T18:27:57","guid":{"rendered":"https:\/\/compustrom.com\/ws\/?page_id=43"},"modified":"2022-11-16T19:17:02","modified_gmt":"2022-11-16T19:17:02","slug":"servicios","status":"publish","type":"page","link":"https:\/\/compustrom.com\/ws\/servicios\/","title":{"rendered":"Servicios"},"content":{"rendered":"\n<h1 class=\"has-text-align-center\"><strong>Soluciones a Medida<\/strong><\/h1>\n\n\n\n<div class=\"wp-block-image\"><figure class=\"aligncenter\"><img src=\"https:\/\/static.wixstatic.com\/media\/ec710b59c77d4b8f87c89c40d690cd18.jpg\/v1\/fill\/w_302,h_227,al_c,q_80,usm_0.66_1.00_0.01,enc_auto\/Codificaci%C3%B3n.jpg\" alt=\"Codificaci\u00f3n\"\/><\/figure><\/div>\n\n\n\n<p><span class=\"has-inline-color has-white-color\">.<\/span><\/p>\n\n\n\n<p class=\"has-text-align-center\">Cada negocio tiene su complejidad y varias soluciones posibles.<\/p>\n\n\n\n<p class=\"has-text-align-center\">Nuestro valor est\u00e1 dado en brindar un trato personalizado con cada cliente, conformando un equipo que acompa\u00f1ar\u00e1n cada proyecto en todo momento.<\/p>\n\n\n\n<p class=\"has-text-align-center\">Somos un equipo de profesionales multidisciplinarios de ingenieros, dise\u00f1adores y desarrolladores web &amp; mobile, con una amplia gama de dominio en las herramientas utilizadas actualmente en el mercado y una s\u00f3lida sinergia de trabajo.<\/p>\n\n\n\n<p><span class=\"has-inline-color has-white-color\">.<\/span><\/p>\n\n\n\n<p><span class=\"has-inline-color has-white-color\">.<\/span><\/p>\n\n\n\n<h1 class=\"has-text-align-center\"><strong>Desarrollos \u00c1giles<\/strong><\/h1>\n\n\n\n<div class=\"wp-block-image\"><figure class=\"aligncenter\"><img src=\"https:\/\/static.wixstatic.com\/media\/0b2ab67fc74f4858bfc215cfcb90ff1a.jpg\/v1\/fill\/w_300,h_227,al_c,q_80,usm_0.66_1.00_0.01,enc_auto\/Sesi%C3%B3n%20de%20lluvia%20de%20ideas.jpg\" alt=\"Sesi\u00f3n de lluvia de ideas\"\/><\/figure><\/div>\n\n\n\n<p><span class=\"has-inline-color has-white-color\">.<\/span><\/p>\n\n\n\n<p class=\"has-text-align-center\">Desde nuestros comienzos, adoptamos metodolog\u00edas \u00e1giles como filosof\u00eda en todo lo que hacemos.&nbsp;<\/p>\n\n\n\n<p class=\"has-text-align-center\">Su aplicaci\u00f3n en nuestros proyectos le permite al cliente regular&nbsp; sus expectativas basadas en resultados tangibles. Las entregas constantes, de calidad e incrementales brindan al proyecto flexibilidad y adaptaci\u00f3n respecto a sus necesidades.<\/p>\n\n\n\n<p class=\"has-text-align-center\">Mantenemos as\u00ed un trabajo alineado entre aquello que el cliente considera de valor y el producto que nos fue encomendado.&nbsp;<\/p>\n\n\n\n<p><span class=\"has-inline-color has-white-color\">.<\/span><\/p>\n\n\n\n<p><span class=\"has-inline-color has-white-color\">.<\/span><\/p>\n\n\n\n<h1 class=\"has-text-align-center\"><strong>Gesti\u00f3n Empresarial<\/strong><\/h1>\n\n\n\n<div class=\"wp-block-image\"><figure class=\"aligncenter\"><img src=\"https:\/\/static.wixstatic.com\/media\/cdb75f7fa13b4c7db41d8b3c36b2c3ca.jpg\/v1\/fill\/w_300,h_227,al_c,q_80,usm_0.66_1.00_0.01,enc_auto\/Reuni%C3%B3n%20de%20grupo.jpg\" alt=\"Reuni\u00f3n de grupo\"\/><\/figure><\/div>\n\n\n\n<p><span class=\"has-inline-color has-white-color\">.<\/span><\/p>\n\n\n\n<p class=\"has-text-align-center\">Brindamos soluciones ERP para su empresa. Contamos con m\u00e1s de 6 a\u00f1os de experiencia en&nbsp;<strong>Odoo<\/strong>&nbsp;en las versiones Community y Enterprise, en aspectos de desarrollo, implementaci\u00f3n y adaptabilidad.<\/p>\n\n\n\n<p class=\"has-text-align-center\">Ofrecemos un servicio integral de Infraestructura en la nube, para que su empresa cuente con todos los recursos para operar on line gestionando todas las operaciones comerciales y financieras.<\/p>\n\n\n\n<p class=\"has-text-align-center\">Damos el apoyo y acompa\u00f1amiento en la implementaci\u00f3n y puesta en marcha , manutenci\u00f3n y mejoramiento continuo. Entre los procesos que ofrecemos se encuentran Gesti\u00f3n o Ciclo completo de Compras y Ventas. Facturaci\u00f3n electr\u00f3nica, Contabilidad, Impuestos, Finanzas, N\u00f3mina y Recursos Humanos, Manufactura, Punto de Venta, eCommerce.&nbsp;<\/p>\n","protected":false},"excerpt":{"rendered":"<p>Soluciones a Medida . Cada negocio tiene su complejidad y varias soluciones posibles. Nuestro valor est\u00e1 dado en brindar un trato personalizado con cada cliente, conformando un equipo que acompa\u00f1ar\u00e1n cada proyecto en todo momento. Somos un equipo de profesionales multidisciplinarios de ingenieros, dise\u00f1adores y desarrolladores web &amp; mobile, con una amplia gama de dominio &hellip; <\/p>\n<p class=\"link-more\"><a href=\"https:\/\/compustrom.com\/ws\/servicios\/\" class=\"more-link\">Continuar leyendo<span class=\"screen-reader-text\"> \u00abServicios\u00bb<\/span><\/a><\/p>\n","protected":false},"author":2,"featured_media":0,"parent":0,"menu_order":0,"comment_status":"closed","ping_status":"closed","template":"","meta":[],"_links":{"self":[{"href":"https:\/\/compustrom.com\/ws\/wp-json\/wp\/v2\/pages\/43"}],"collection":[{"href":"https:\/\/compustrom.com\/ws\/wp-json\/wp\/v2\/pages"}],"about":[{"href":"https:\/\/compustrom.com\/ws\/wp-json\/wp\/v2\/types\/page"}],"author":[{"embeddable":true,"href":"https:\/\/compustrom.com\/ws\/wp-json\/wp\/v2\/users\/2"}],"replies":[{"embeddable":true,"href":"https:\/\/compustrom.com\/ws\/wp-json\/wp\/v2\/comments?post=43"}],"version-history":[{"count":3,"href":"https:\/\/compustrom.com\/ws\/wp-json\/wp\/v2\/pages\/43\/revisions"}],"predecessor-version":[{"id":93,"href":"https:\/\/compustrom.com\/ws\/wp-json\/wp\/v2\/pages\/43\/revisions\/93"}],"wp:attachment":[{"href":"https:\/\/compustrom.com\/ws\/wp-json\/wp\/v2\/media?parent=43"}],"curies":[{"name":"wp","href":"https:\/\/api.w.org\/{rel}","templated":true}]}}