{"id":58,"date":"2022-11-16T18:55:40","date_gmt":"2022-11-16T18:55:40","guid":{"rendered":"https:\/\/compustrom.com\/ws\/?page_id=58"},"modified":"2022-11-17T10:40:10","modified_gmt":"2022-11-17T10:40:10","slug":"ultimos-proyectos","status":"publish","type":"page","link":"https:\/\/compustrom.com\/ws\/ultimos-proyectos\/","title":{"rendered":"\u00daltimos Proyectos"},"content":{"rendered":"\n<h1 class=\"has-text-align-center\"><strong>Tratamientos Domiciliarios<\/strong><\/h1>\n\n\n\n<div class=\"wp-block-image\"><figure class=\"aligncenter\"><a href=\"https:\/\/compustrom.com\/ws\/2022\/11\/16\/tratamientos-domiciliarios\/\" target=\"_blank\" rel=\"noopener noreferrer\"><img src=\"https:\/\/static.wixstatic.com\/media\/ff8039_920703804def4d7ea6ef4a6ca399a20c~mv2_d_3000_2000_s_2.jpg\/v1\/fill\/w_600,h_400,al_c,q_80,usm_0.66_1.00_0.01,enc_auto\/Home%20Nurse%20Examining%20Patient_edited.jpg\" alt=\"Home Nurse Examining Patient_edited.jpg\"\/><\/a><\/figure><\/div>\n\n\n\n<p class=\"has-text-align-center\">Control y seguimiento&nbsp;de tratamientos en aquellos pacientes que reciben pr\u00e1cticas m\u00e9dicas en su domicilio.<\/p>\n\n\n\n<p><span class=\"has-inline-color has-white-color\">.<\/span><\/p>\n\n\n\n<p><span class=\"has-inline-color has-white-color\">.<\/span><\/p>\n\n\n\n<h1 class=\"has-text-align-center\"><strong>Oncolog\u00eda<\/strong><\/h1>\n\n\n\n<div class=\"wp-block-image\"><figure class=\"aligncenter\"><a href=\"https:\/\/compustrom.com\/ws\/2022\/11\/16\/oncologia\/\" target=\"_blank\" rel=\"noopener noreferrer\"><img src=\"https:\/\/static.wixstatic.com\/media\/ff8039_2fd861e538c14cac8f1b9b674aad9624~mv2_d_3000_2250_s_2.jpg\/v1\/fill\/w_600,h_450,al_c,q_80,usm_0.66_1.00_0.01,enc_auto\/Scientist%20on%20Computer_edited.jpg\" alt=\"Scientist on Computer_edited.jpg\"\/><\/a><\/figure><\/div>\n\n\n\n<p class=\"has-text-align-center\">Generaci\u00f3n y seguimientos de tratamientos oncol\u00f3gicos.<\/p>\n\n\n\n<p><span class=\"has-inline-color has-white-color\">.<\/span><\/p>\n\n\n\n<p><span class=\"has-inline-color has-white-color\">.<\/span><\/p>\n\n\n\n<h1 class=\"has-text-align-center\"><strong>Seguro Automotor<\/strong><\/h1>\n\n\n\n<div class=\"wp-block-image\"><figure class=\"aligncenter\"><a href=\"https:\/\/compustrom.com\/ws\/2022\/11\/16\/seguro-automotor\/\" target=\"_blank\" rel=\"noopener noreferrer\"><img src=\"https:\/\/static.wixstatic.com\/media\/ff8039_35f88a32c02048f1b559d8bb5da21bb7~mv2_d_3000_2000_s_2.jpg\/v1\/fill\/w_600,h_400,al_c,q_80,usm_0.66_1.00_0.01,enc_auto\/Car%20Dashboard%20View_edited.jpg\" alt=\"Car Dashboard View_edited.jpg\"\/><\/a><\/figure><\/div>\n\n\n\n<p class=\"has-text-align-center\">Seguimiento de conductas de manejo y reporte de siniestros.<\/p>\n","protected":false},"excerpt":{"rendered":"<p>Tratamientos Domiciliarios Control y seguimiento&nbsp;de tratamientos en aquellos pacientes que reciben pr\u00e1cticas m\u00e9dicas en su domicilio. . . Oncolog\u00eda Generaci\u00f3n y seguimientos de tratamientos oncol\u00f3gicos. . . Seguro Automotor Seguimiento de conductas de manejo y reporte de siniestros.<\/p>\n","protected":false},"author":2,"featured_media":0,"parent":0,"menu_order":0,"comment_status":"closed","ping_status":"closed","template":"","meta":[],"_links":{"self":[{"href":"https:\/\/compustrom.com\/ws\/wp-json\/wp\/v2\/pages\/58"}],"collection":[{"href":"https:\/\/compustrom.com\/ws\/wp-json\/wp\/v2\/pages"}],"about":[{"href":"https:\/\/compustrom.com\/ws\/wp-json\/wp\/v2\/types\/page"}],"author":[{"embeddable":true,"href":"https:\/\/compustrom.com\/ws\/wp-json\/wp\/v2\/users\/2"}],"replies":[{"embeddable":true,"href":"https:\/\/compustrom.com\/ws\/wp-json\/wp\/v2\/comments?post=58"}],"version-history":[{"count":6,"href":"https:\/\/compustrom.com\/ws\/wp-json\/wp\/v2\/pages\/58\/revisions"}],"predecessor-version":[{"id":111,"href":"https:\/\/compustrom.com\/ws\/wp-json\/wp\/v2\/pages\/58\/revisions\/111"}],"wp:attachment":[{"href":"https:\/\/compustrom.com\/ws\/wp-json\/wp\/v2\/media?parent=58"}],"curies":[{"name":"wp","href":"https:\/\/api.w.org\/{rel}","templated":true}]}}